{"id":3525,"date":"2014-11-16T12:41:41","date_gmt":"2014-11-16T17:41:41","guid":{"rendered":"http:\/\/www.forentrepreneurs.com\/?page_id=3525"},"modified":"2014-11-18T11:37:00","modified_gmt":"2014-11-18T16:37:00","slug":"bienvenidos-a-forentrepreneurs-en-espanol","status":"publish","type":"page","link":"https:\/\/www.forentrepreneurs.com\/es\/bienvenidos-a-forentrepreneurs-en-espanol\/","title":{"rendered":"Bienvenidos a ForEntrepreneurs en Espa\u00f1ol."},"content":{"rendered":"<p>ForEntrepreneurs.com figura como el sitio n\u00famero 2 en la lista de Forbes de los<a href=\"http:\/\/www.forbes.com\/pictures\/emjl45gkke\/for-entrepreneurs\/\"> 100 Mejores Sitios Web para emprendedores<\/a>.<\/p>\n<p>ForEntrepreneurs.com es un blog para startups, nuevos negocios y emprendedores escrito por David Skok, un emprendedor en serie con 5 proyectos de \u00e9xito que se convirti\u00f3 en inversor (ahora en Matrix Partners). El objetivo del blog es abordar las cuestiones clave a las que se enfrentan cuando empiezan, al buscar financiaci\u00f3n e inversores y cuando tratan de crear una empresa de \u00e9xito. Aunque lo que se dice aqu\u00ed es aplicable a la mayor\u00eda de los nuevos negocios hay un fuerte sesgo hacia los <a href=\"http:\/\/www.forentrepreneurs.com\/saas\/\">negocios SaaS<\/a> y<a href=\"http:\/\/www.forentrepreneurs.com\/sales-marketing-machine\/\"> hacia la creaci\u00f3n de una m\u00e1quina de generar ventas y marketing<\/a>.<\/p>\n<h3><b>\u00bfNuev@ en este sitio?<\/b><\/h3>\n<p>Para empezar se pueden utilizar los siguientes art\u00edculos (los que aparecen en ingl\u00e9s estar\u00e1n traducidos en breve):<\/p>\n<ul>\n<li><a href=\"http:\/\/www.forentrepreneurs.com\/es\/saas-metrics-2\/\" target=\"_blank\">M\u00e9tricas SaaS 2.0 \u2013\u00a0Gu\u00eda para medir y mejorar lo que importa<\/a><\/li>\n<li><a href=\"http:\/\/www.forentrepreneurs.com\/?p=2821\">M\u00e9tricas SaaS 2.0 &#8211; Definiciones detalladas<\/a><\/li>\n<li><a title=\"Asesino de startups: El coste de adquisici\u00f3n de clientes.\" href=\"http:\/\/www.forentrepreneurs.com\/es\/startup-killer\/\" target=\"_blank\">Asesino de startups: El coste de adquisici\u00f3n de clientes<\/a><\/li>\n<li><a href=\"http:\/\/www.forentrepreneurs.com\/?p=3290\" target=\"_blank\">C\u00f3mo impacta la complejidad del proceso de venta en la viabilidad del nuevo negocio<\/a><\/li>\n<li><a href=\"http:\/\/www.forentrepreneurs.com\/?p=3204\" target=\"_blank\">La optimizaci\u00f3n del embudo de captaci\u00f3n (o adquisici\u00f3n) de clientes<\/a><\/li>\n<li><a href=\"http:\/\/www.forentrepreneurs.com\/2014-saas-survey-1\/\">2014 Pacific Crest SaaS Survey \u2013 Part 1<\/a><\/li>\n<li><a href=\"http:\/\/www.forentrepreneurs.com\/2014-saas-survey-2\/\">2014 Pacific Crest SaaS Survey- Part 2<\/a><\/li>\n<li><a href=\"http:\/\/www.forentrepreneurs.com\/lessons-learnt-viral-marketing\/\">Lessons Learned \u2013 Viral Marketing<\/a><\/li>\n<li><a href=\"http:\/\/www.forentrepreneurs.com\/designing-startup-metrics-to-drive-successful-behavior\/\">Designing startup metrics to drive successful behavior<\/a><\/li>\n<li><a href=\"http:\/\/www.forentrepreneurs.com\/lessons-from-leaders\/jboss-example\/\">Lessons from Leaders: How JBoss did it<\/a><\/li>\n<li><a href=\"http:\/\/www.forentrepreneurs.com\/saas-economics-1\/\">SaaS Economics: The SaaS Cash Flow Trough<\/a><\/li>\n<li><a href=\"http:\/\/www.forentrepreneurs.com\/setting-the-startup-accelerator-pedal\/\">Setting the Startup Accelerator Pedal<\/a><\/li>\n<li><a href=\"http:\/\/www.forentrepreneurs.com\/blog\/\">Art\u00edculos recientes<\/a> (en Ingl\u00e9s)<\/li>\n<\/ul>\n<p>(Mis m\u00e1s sinceras gracias y reconocimiento a <a href=\"www.idnlean.com\" target=\"_blank\">Alberto Peralta<\/a> que realiza las traducciones de los art\u00edculos altruistamente y con el objetivo de darlos a conocer en las comunidades empresariales y de inversores hispanohablantes).<\/p>\n<p>Hola, mi nombre es<a href=\"http:\/\/www.matrixpartners.com\/site\/team_detail\/david_skok\/\"> David Skok<\/a>. Soy un emprendedor en serie transformado en inversor. Tengo una gran ilusi\u00f3n por ayudar a emprendedores y startups. Comenc\u00e9 mi primer negocio unos meses despu\u00e9s de salir de la universidad, a los 21, y en los siguientes 25 a\u00f1os fund\u00e9 un total de 4 empresas (Skok Systems, Corporate Software Europe, Watermark Software, and SilverStream Software) e hice una reestructuraci\u00f3n ( Xionics). He tenido mi dosis de altibajos. Tuve la suerte de conseguir que 3 de estas empresas salieran a Bolsa, otra fue comprada y la otra triunf\u00f3 inicialmente pero luego fracas\u00f3 cuando la traslad\u00e9 a EE.UU. A menudo comento que aprend\u00ed m\u00e1s de ese fracaso que de todos mis \u00e9xitos.<\/p>\n<p>Despu\u00e9s de 25 a\u00f1os como empresario me convert\u00ed en inversor en<a href=\"http:\/\/www.matrixpartners.com\"> Matrix Partners<\/a>, la firma que hab\u00eda invertido en mis dos \u00faltimas empresas. Yo hab\u00eda trabajado con 15 empresas de capital riesgo diferentes y Matrix hab\u00eda sido claramente mi mejor socio, ganando mi fidelidad con su apoyo en momentos muy dif\u00edciles. Fue divertido pasar al \u00ablado oscuro\u00bb y poder ayudar desde aqu\u00ed a otros emprendedores. Como inversor he tenido la suerte de trabajar junto a algunos equipos de ejecutivos espectaculares, incluyendo los de JBoss, AppIQ, Tabblo, Netezza, Diligent, CloudSwitch, TribeHR y GrabCAD, que han terminado exitosamente. Actualmente trabajo en los Consejos de HubSpot, Digium, CloudBees, Enservio, GrabCAD, Namely OpenSpan, Storiant, Salsify y Zaius.<\/p>\n<p>Me ilusiona ayudar a otros emprendedores despu\u00e9s de haber visto lo importante que es conseguir ayuda, aliento y apoyo en los primeros d\u00edas de la creaci\u00f3n de mis propios negocios. Si est\u00e1s interesado\/a en aprender m\u00e1s sobre las experiencias que han dado forma a mi forma de pensar quiz\u00e1 te ayude el siguiente art\u00edculo:<a href=\"http:\/\/www.forentrepreneurs.com\/what-drives-great-entrepreneurs\/\"> What drives great entrepreneurs<\/a>.<\/p>\n<p>Si quiere recibir un email cuando se publiquen nuevos art\u00edculos, por favor d\u00e9jenos su email en el formulario de la derecha. Puedes contactar conmigo en Dskok (at) matrixpartners.com. Estar\u00e9 encantado de atenderte.<\/p>\n","protected":false},"excerpt":{"rendered":"<p>ForEntrepreneurs.com figura como el sitio n\u00famero 2 en la lista de Forbes de los 100 Mejores Sitios Web para emprendedores. ForEntrepreneurs.com es un blog para startups, nuevos negocios y emprendedores escrito por David Skok, un emprendedor en serie con 5 proyectos de \u00e9xito que se convirti\u00f3 en inversor (ahora en Matrix Partners). El objetivo del [&hellip;]<\/p>\n","protected":false},"author":2744,"featured_media":0,"parent":0,"menu_order":0,"comment_status":"open","ping_status":"closed","template":"home-alt-1.php","meta":{"content-type":"","jetpack_post_was_ever_published":false,"footnotes":""},"coauthors":[],"class_list":["post-3525","page","type-page","status-publish","hentry"],"yoast_head":"<!-- This site is optimized with the Yoast SEO plugin v27.5 - https:\/\/yoast.com\/product\/yoast-seo-wordpress\/ -->\n<title>Bienvenidos a ForEntrepreneurs en Espa\u00f1ol. - For Entrepreneurs<\/title>\n<meta name=\"robots\" content=\"index, follow, max-snippet:-1, max-image-preview:large, max-video-preview:-1\" \/>\n<link rel=\"canonical\" href=\"https:\/\/www.forentrepreneurs.com\/es\/bienvenidos-a-forentrepreneurs-en-espanol\/\" \/>\n<meta property=\"og:locale\" content=\"es_ES\" \/>\n<meta property=\"og:type\" content=\"article\" \/>\n<meta property=\"og:title\" content=\"Bienvenidos a ForEntrepreneurs en Espa\u00f1ol. - For Entrepreneurs\" \/>\n<meta property=\"og:description\" content=\"ForEntrepreneurs.com figura como el sitio n\u00famero 2 en la lista de Forbes de los 100 Mejores Sitios Web para emprendedores. ForEntrepreneurs.com es un blog para startups, nuevos negocios y emprendedores escrito por David Skok, un emprendedor en serie con 5 proyectos de \u00e9xito que se convirti\u00f3 en inversor (ahora en Matrix Partners). El objetivo del [&hellip;]\" \/>\n<meta property=\"og:url\" content=\"https:\/\/www.forentrepreneurs.com\/es\/bienvenidos-a-forentrepreneurs-en-espanol\/\" \/>\n<meta property=\"og:site_name\" content=\"For Entrepreneurs\" \/>\n<meta property=\"article:modified_time\" content=\"2014-11-18T16:37:00+00:00\" \/>\n<meta name=\"twitter:card\" content=\"summary_large_image\" \/>\n<meta name=\"twitter:site\" content=\"@bostonvc\" \/>\n<meta name=\"twitter:label1\" content=\"Tiempo de lectura\" \/>\n\t<meta name=\"twitter:data1\" content=\"3 minutos\" \/>\n\t<meta name=\"twitter:label2\" content=\"Written by\" \/>\n\t<meta name=\"twitter:data2\" content=\"Alberto Peralta\" \/>\n<script type=\"application\/ld+json\" class=\"yoast-schema-graph\">{\"@context\":\"https:\\\/\\\/schema.org\",\"@graph\":[{\"@type\":\"WebPage\",\"@id\":\"https:\\\/\\\/www.forentrepreneurs.com\\\/es\\\/bienvenidos-a-forentrepreneurs-en-espanol\\\/\",\"url\":\"https:\\\/\\\/www.forentrepreneurs.com\\\/es\\\/bienvenidos-a-forentrepreneurs-en-espanol\\\/\",\"name\":\"Bienvenidos a ForEntrepreneurs en Espa\u00f1ol. - For Entrepreneurs\",\"isPartOf\":{\"@id\":\"https:\\\/\\\/www.forentrepreneurs.com\\\/es\\\/#website\"},\"datePublished\":\"2014-11-16T17:41:41+00:00\",\"dateModified\":\"2014-11-18T16:37:00+00:00\",\"breadcrumb\":{\"@id\":\"https:\\\/\\\/www.forentrepreneurs.com\\\/es\\\/bienvenidos-a-forentrepreneurs-en-espanol\\\/#breadcrumb\"},\"inLanguage\":\"es\",\"potentialAction\":[{\"@type\":\"ReadAction\",\"target\":[\"https:\\\/\\\/www.forentrepreneurs.com\\\/es\\\/bienvenidos-a-forentrepreneurs-en-espanol\\\/\"]}]},{\"@type\":\"BreadcrumbList\",\"@id\":\"https:\\\/\\\/www.forentrepreneurs.com\\\/es\\\/bienvenidos-a-forentrepreneurs-en-espanol\\\/#breadcrumb\",\"itemListElement\":[{\"@type\":\"ListItem\",\"position\":1,\"name\":\"Home\",\"item\":\"https:\\\/\\\/www.forentrepreneurs.com\\\/es\\\/\"},{\"@type\":\"ListItem\",\"position\":2,\"name\":\"Bienvenidos a ForEntrepreneurs en Espa\u00f1ol.\"}]},{\"@type\":\"WebSite\",\"@id\":\"https:\\\/\\\/www.forentrepreneurs.com\\\/es\\\/#website\",\"url\":\"https:\\\/\\\/www.forentrepreneurs.com\\\/es\\\/\",\"name\":\"For Entrepreneurs\",\"description\":\"Expertise, Wisdom and Resources for Startups and Entrepreneurs\",\"publisher\":{\"@id\":\"https:\\\/\\\/www.forentrepreneurs.com\\\/es\\\/#organization\"},\"potentialAction\":[{\"@type\":\"SearchAction\",\"target\":{\"@type\":\"EntryPoint\",\"urlTemplate\":\"https:\\\/\\\/www.forentrepreneurs.com\\\/es\\\/?s={search_term_string}\"},\"query-input\":{\"@type\":\"PropertyValueSpecification\",\"valueRequired\":true,\"valueName\":\"search_term_string\"}}],\"inLanguage\":\"es\"},{\"@type\":\"Organization\",\"@id\":\"https:\\\/\\\/www.forentrepreneurs.com\\\/es\\\/#organization\",\"name\":\"Matrix Partners\",\"url\":\"https:\\\/\\\/www.forentrepreneurs.com\\\/es\\\/\",\"logo\":{\"@type\":\"ImageObject\",\"inLanguage\":\"es\",\"@id\":\"https:\\\/\\\/www.forentrepreneurs.com\\\/es\\\/#\\\/schema\\\/logo\\\/image\\\/\",\"url\":\"https:\\\/\\\/i0.wp.com\\\/www.forentrepreneurs.com\\\/wp-content\\\/uploads\\\/2021\\\/11\\\/Matrix_Primary_Logo.png?fit=800%2C323&ssl=1\",\"contentUrl\":\"https:\\\/\\\/i0.wp.com\\\/www.forentrepreneurs.com\\\/wp-content\\\/uploads\\\/2021\\\/11\\\/Matrix_Primary_Logo.png?fit=800%2C323&ssl=1\",\"width\":800,\"height\":323,\"caption\":\"Matrix Partners\"},\"image\":{\"@id\":\"https:\\\/\\\/www.forentrepreneurs.com\\\/es\\\/#\\\/schema\\\/logo\\\/image\\\/\"},\"sameAs\":[\"https:\\\/\\\/x.com\\\/bostonvc\",\"https:\\\/\\\/www.linkedin.com\\\/in\\\/dskok\\\/\"]}]}<\/script>\n<!-- \/ Yoast SEO plugin. -->","yoast_head_json":{"title":"Bienvenidos a ForEntrepreneurs en Espa\u00f1ol. - For Entrepreneurs","robots":{"index":"index","follow":"follow","max-snippet":"max-snippet:-1","max-image-preview":"max-image-preview:large","max-video-preview":"max-video-preview:-1"},"canonical":"https:\/\/www.forentrepreneurs.com\/es\/bienvenidos-a-forentrepreneurs-en-espanol\/","og_locale":"es_ES","og_type":"article","og_title":"Bienvenidos a ForEntrepreneurs en Espa\u00f1ol. - For Entrepreneurs","og_description":"ForEntrepreneurs.com figura como el sitio n\u00famero 2 en la lista de Forbes de los 100 Mejores Sitios Web para emprendedores. ForEntrepreneurs.com es un blog para startups, nuevos negocios y emprendedores escrito por David Skok, un emprendedor en serie con 5 proyectos de \u00e9xito que se convirti\u00f3 en inversor (ahora en Matrix Partners). El objetivo del [&hellip;]","og_url":"https:\/\/www.forentrepreneurs.com\/es\/bienvenidos-a-forentrepreneurs-en-espanol\/","og_site_name":"For Entrepreneurs","article_modified_time":"2014-11-18T16:37:00+00:00","twitter_card":"summary_large_image","twitter_site":"@bostonvc","twitter_misc":{"Tiempo de lectura":"3 minutos","Written by":"Alberto Peralta"},"schema":{"@context":"https:\/\/schema.org","@graph":[{"@type":"WebPage","@id":"https:\/\/www.forentrepreneurs.com\/es\/bienvenidos-a-forentrepreneurs-en-espanol\/","url":"https:\/\/www.forentrepreneurs.com\/es\/bienvenidos-a-forentrepreneurs-en-espanol\/","name":"Bienvenidos a ForEntrepreneurs en Espa\u00f1ol. - For Entrepreneurs","isPartOf":{"@id":"https:\/\/www.forentrepreneurs.com\/es\/#website"},"datePublished":"2014-11-16T17:41:41+00:00","dateModified":"2014-11-18T16:37:00+00:00","breadcrumb":{"@id":"https:\/\/www.forentrepreneurs.com\/es\/bienvenidos-a-forentrepreneurs-en-espanol\/#breadcrumb"},"inLanguage":"es","potentialAction":[{"@type":"ReadAction","target":["https:\/\/www.forentrepreneurs.com\/es\/bienvenidos-a-forentrepreneurs-en-espanol\/"]}]},{"@type":"BreadcrumbList","@id":"https:\/\/www.forentrepreneurs.com\/es\/bienvenidos-a-forentrepreneurs-en-espanol\/#breadcrumb","itemListElement":[{"@type":"ListItem","position":1,"name":"Home","item":"https:\/\/www.forentrepreneurs.com\/es\/"},{"@type":"ListItem","position":2,"name":"Bienvenidos a ForEntrepreneurs en Espa\u00f1ol."}]},{"@type":"WebSite","@id":"https:\/\/www.forentrepreneurs.com\/es\/#website","url":"https:\/\/www.forentrepreneurs.com\/es\/","name":"For Entrepreneurs","description":"Expertise, Wisdom and Resources for Startups and Entrepreneurs","publisher":{"@id":"https:\/\/www.forentrepreneurs.com\/es\/#organization"},"potentialAction":[{"@type":"SearchAction","target":{"@type":"EntryPoint","urlTemplate":"https:\/\/www.forentrepreneurs.com\/es\/?s={search_term_string}"},"query-input":{"@type":"PropertyValueSpecification","valueRequired":true,"valueName":"search_term_string"}}],"inLanguage":"es"},{"@type":"Organization","@id":"https:\/\/www.forentrepreneurs.com\/es\/#organization","name":"Matrix Partners","url":"https:\/\/www.forentrepreneurs.com\/es\/","logo":{"@type":"ImageObject","inLanguage":"es","@id":"https:\/\/www.forentrepreneurs.com\/es\/#\/schema\/logo\/image\/","url":"https:\/\/i0.wp.com\/www.forentrepreneurs.com\/wp-content\/uploads\/2021\/11\/Matrix_Primary_Logo.png?fit=800%2C323&ssl=1","contentUrl":"https:\/\/i0.wp.com\/www.forentrepreneurs.com\/wp-content\/uploads\/2021\/11\/Matrix_Primary_Logo.png?fit=800%2C323&ssl=1","width":800,"height":323,"caption":"Matrix Partners"},"image":{"@id":"https:\/\/www.forentrepreneurs.com\/es\/#\/schema\/logo\/image\/"},"sameAs":["https:\/\/x.com\/bostonvc","https:\/\/www.linkedin.com\/in\/dskok\/"]}]}},"jetpack_sharing_enabled":true,"jetpack_shortlink":"https:\/\/wp.me\/P65uLX-UR","_links":{"self":[{"href":"https:\/\/www.forentrepreneurs.com\/es\/wp-json\/wp\/v2\/pages\/3525","targetHints":{"allow":["GET"]}}],"collection":[{"href":"https:\/\/www.forentrepreneurs.com\/es\/wp-json\/wp\/v2\/pages"}],"about":[{"href":"https:\/\/www.forentrepreneurs.com\/es\/wp-json\/wp\/v2\/types\/page"}],"author":[{"embeddable":true,"href":"https:\/\/www.forentrepreneurs.com\/es\/wp-json\/wp\/v2\/users\/2744"}],"replies":[{"embeddable":true,"href":"https:\/\/www.forentrepreneurs.com\/es\/wp-json\/wp\/v2\/comments?post=3525"}],"version-history":[{"count":0,"href":"https:\/\/www.forentrepreneurs.com\/es\/wp-json\/wp\/v2\/pages\/3525\/revisions"}],"wp:attachment":[{"href":"https:\/\/www.forentrepreneurs.com\/es\/wp-json\/wp\/v2\/media?parent=3525"}],"wp:term":[{"taxonomy":"author","embeddable":true,"href":"https:\/\/www.forentrepreneurs.com\/es\/wp-json\/wp\/v2\/coauthors?post=3525"}],"curies":[{"name":"wp","href":"https:\/\/api.w.org\/{rel}","templated":true}]}}